{"id":7812,"date":"2022-05-02T12:53:39","date_gmt":"2022-05-02T09:53:39","guid":{"rendered":"https:\/\/verkkokauppa.lahti.fi\/museokauppa\/tuote\/minimagneetti-napolin-kuu\/"},"modified":"2025-11-17T13:16:59","modified_gmt":"2025-11-17T11:16:59","slug":"minimagneetti-napolin-kuu","status":"publish","type":"product","link":"https:\/\/verkkokauppa.lahti.fi\/museokauppa\/tuote\/minimagneetti-napolin-kuu\/","title":{"rendered":"Minimagneetti Napolin kuu"},"content":{"rendered":"<p>Kauniit minimagneetit teoksesta Ivan Aivazovski (1817-1900)Kuutamomaisema Napolista, 1842.\u00a0<\/p>\n<p>Sis\u00e4lt\u00e4\u00e4 9 magneettia.<\/p>\n<p>Pakkauksen koko: 9x7cm<\/p>\n","protected":false},"excerpt":{"rendered":"<p>Kauniit minimagneetit teoksesta Ivan Aivazovski (1817-1900)Kuutamomaisema Napolista, 1842.\u00a0 Sis\u00e4lt\u00e4\u00e4 9 magneettia. Pakkauksen koko: 9x7cm<\/p>\n","protected":false},"featured_media":14654,"template":"","meta":[],"product_brand":[],"product_cat":[55],"product_tag":[],"class_list":{"0":"post-7812","1":"product","2":"type-product","3":"status-publish","4":"has-post-thumbnail","6":"product_cat-museokauppamalva","8":"first","9":"instock","10":"featured","11":"taxable","12":"shipping-taxable","13":"purchasable","14":"product-type-simple"},"_links":{"self":[{"href":"https:\/\/verkkokauppa.lahti.fi\/museokauppa\/wp-json\/wp\/v2\/product\/7812","targetHints":{"allow":["GET"]}}],"collection":[{"href":"https:\/\/verkkokauppa.lahti.fi\/museokauppa\/wp-json\/wp\/v2\/product"}],"about":[{"href":"https:\/\/verkkokauppa.lahti.fi\/museokauppa\/wp-json\/wp\/v2\/types\/product"}],"wp:featuredmedia":[{"embeddable":true,"href":"https:\/\/verkkokauppa.lahti.fi\/museokauppa\/wp-json\/wp\/v2\/media\/14654"}],"wp:attachment":[{"href":"https:\/\/verkkokauppa.lahti.fi\/museokauppa\/wp-json\/wp\/v2\/media?parent=7812"}],"wp:term":[{"taxonomy":"product_brand","embeddable":true,"href":"https:\/\/verkkokauppa.lahti.fi\/museokauppa\/wp-json\/wp\/v2\/product_brand?post=7812"},{"taxonomy":"product_cat","embeddable":true,"href":"https:\/\/verkkokauppa.lahti.fi\/museokauppa\/wp-json\/wp\/v2\/product_cat?post=7812"},{"taxonomy":"product_tag","embeddable":true,"href":"https:\/\/verkkokauppa.lahti.fi\/museokauppa\/wp-json\/wp\/v2\/product_tag?post=7812"}],"curies":[{"name":"wp","href":"https:\/\/api.w.org\/{rel}","templated":true}]}}