{"id":818,"date":"2022-02-01T11:07:40","date_gmt":"2022-02-01T09:07:40","guid":{"rendered":"https:\/\/verkkokauppa.lahti.fi\/museokauppa\/tuote\/kokoelmakummi-palapeli-hanko\/"},"modified":"2026-02-09T21:17:17","modified_gmt":"2026-02-09T19:17:17","slug":"kokoelmakummi-palapeli-hanko","status":"publish","type":"product","link":"https:\/\/verkkokauppa.lahti.fi\/museokauppa\/tuote\/kokoelmakummi-palapeli-hanko\/","title":{"rendered":"Kokoelmakummi- palapeli Hanko"},"content":{"rendered":"<p class=\"MsoNormal\">Palapelin koko 31x47cm<\/p>\n<p class=\"MsoNormal\">Tue Lahden museoiden kokoelmia ja hanki tekemist\u00e4 vapaa-aikaan! Kokoelmakummi-tuotteita ostamalla osallistut yhteisen taide- ja kulttuuriperint\u00f6mme s\u00e4ilytt\u00e4miseen.<\/p>\n<p>500 palan palapelist\u00e4 rakentuu Poika Vesannon Hangon merikylpyl\u00e4 -juliste 1930-luvulta.<\/p>\n<p>Palapelin tuotto menee Visuaalisten taiteiden museo Malvan taide- ja julistekokoelmien konservointiin.<\/p>\n<p>Kiitos Kokoelmakummi!\u00a0<\/p>\n<p>Lis\u00e4tietoa <a href=\"https:\/\/www.lahdenmuseot.fi\/kokoelmat\/kokoelmakummi\/\">Kokoelmakummiksi!<\/a><\/p>\n<p class=\"MsoNormal\">\u00a0<\/p>\n","protected":false},"excerpt":{"rendered":"<p>Palapelin koko 31x47cm Tue Lahden museoiden kokoelmia ja hanki tekemist\u00e4 vapaa-aikaan! Kokoelmakummi-tuotteita ostamalla osallistut yhteisen taide- ja kulttuuriperint\u00f6mme s\u00e4ilytt\u00e4miseen. 500 palan palapelist\u00e4 rakentuu Poika Vesannon Hangon merikylpyl\u00e4 -juliste 1930-luvulta. Palapelin tuotto menee Visuaalisten taiteiden museo Malvan taide- ja julistekokoelmien konservointiin. Kiitos Kokoelmakummi!\u00a0 Lis\u00e4tietoa Kokoelmakummiksi! \u00a0<\/p>\n","protected":false},"featured_media":14603,"template":"","meta":[],"product_brand":[],"product_cat":[157],"product_tag":[],"class_list":{"0":"post-818","1":"product","2":"type-product","3":"status-publish","4":"has-post-thumbnail","6":"product_cat-kokoelmakummi-tuotteet","8":"first","9":"instock","10":"sale","11":"featured","12":"taxable","13":"shipping-taxable","14":"purchasable","15":"product-type-simple"},"_links":{"self":[{"href":"https:\/\/verkkokauppa.lahti.fi\/museokauppa\/wp-json\/wp\/v2\/product\/818","targetHints":{"allow":["GET"]}}],"collection":[{"href":"https:\/\/verkkokauppa.lahti.fi\/museokauppa\/wp-json\/wp\/v2\/product"}],"about":[{"href":"https:\/\/verkkokauppa.lahti.fi\/museokauppa\/wp-json\/wp\/v2\/types\/product"}],"wp:featuredmedia":[{"embeddable":true,"href":"https:\/\/verkkokauppa.lahti.fi\/museokauppa\/wp-json\/wp\/v2\/media\/14603"}],"wp:attachment":[{"href":"https:\/\/verkkokauppa.lahti.fi\/museokauppa\/wp-json\/wp\/v2\/media?parent=818"}],"wp:term":[{"taxonomy":"product_brand","embeddable":true,"href":"https:\/\/verkkokauppa.lahti.fi\/museokauppa\/wp-json\/wp\/v2\/product_brand?post=818"},{"taxonomy":"product_cat","embeddable":true,"href":"https:\/\/verkkokauppa.lahti.fi\/museokauppa\/wp-json\/wp\/v2\/product_cat?post=818"},{"taxonomy":"product_tag","embeddable":true,"href":"https:\/\/verkkokauppa.lahti.fi\/museokauppa\/wp-json\/wp\/v2\/product_tag?post=818"}],"curies":[{"name":"wp","href":"https:\/\/api.w.org\/{rel}","templated":true}]}}