{"id":823,"date":"2022-02-01T11:07:41","date_gmt":"2022-02-01T09:07:41","guid":{"rendered":"https:\/\/verkkokauppa.lahti.fi\/museokauppa\/tuote\/nastolan-historia\/"},"modified":"2026-01-24T13:19:39","modified_gmt":"2026-01-24T11:19:39","slug":"nastolan-historia","status":"publish","type":"product","link":"https:\/\/verkkokauppa.lahti.fi\/museokauppa\/tuote\/nastolan-historia\/","title":{"rendered":"Nastolan historia"},"content":{"rendered":"<p class=\"MsoNormal\">Nastolan historian nelj\u00e4s osa k\u00e4sittelee p\u00e4ij\u00e4th\u00e4m\u00e4l\u00e4isen kunnan v\u00e4rikk\u00e4it\u00e4 vaiheita vuosina 1939-2015, talvisodasta yhdistymiseen Lahden kanssa. Jatkosodan aikana maalaiskuntaan perustettiin maan toinen sotavankien j\u00e4rjestelyleiri, ja 1960-1970-luvuilla maalaispit\u00e4j\u00e4 muuttui kookkaiden teollisuustaajamien ja asuntoalueiden kunnaksi.<\/p>\n<p class=\"MsoNormal\">Teoksen on kirjoittanut Helsingin yliopiston kaupunki-identiteetteihin erikoistunut v\u00e4it\u00f6skirjatutkija VTM, FM Ville Eerola<\/p>\n<p class=\"MsoNormal\">Kirja ja siihen liittynyt tutkimusty\u00f6 on toteutettu Lahden kaupunginmuseon tutkimusyksik\u00f6ss\u00e4.\u00a0<\/p>\n","protected":false},"excerpt":{"rendered":"<p>Nastolan historian nelj\u00e4s osa k\u00e4sittelee p\u00e4ij\u00e4th\u00e4m\u00e4l\u00e4isen kunnan v\u00e4rikk\u00e4it\u00e4 vaiheita vuosina 1939-2015, talvisodasta yhdistymiseen Lahden kanssa. Jatkosodan aikana maalaiskuntaan perustettiin maan toinen sotavankien j\u00e4rjestelyleiri, ja 1960-1970-luvuilla maalaispit\u00e4j\u00e4 muuttui kookkaiden teollisuustaajamien ja asuntoalueiden kunnaksi. Teoksen on kirjoittanut Helsingin yliopiston kaupunki-identiteetteihin erikoistunut v\u00e4it\u00f6skirjatutkija VTM, FM Ville Eerola Kirja ja siihen liittynyt tutkimusty\u00f6 on toteutettu Lahden kaupunginmuseon tutkimusyksik\u00f6ss\u00e4.\u00a0<\/p>\n","protected":false},"featured_media":14343,"template":"","meta":[],"product_brand":[],"product_cat":[112],"product_tag":[],"class_list":{"0":"post-823","1":"product","2":"type-product","3":"status-publish","4":"has-post-thumbnail","6":"product_cat-kirjat-0-0","8":"first","9":"instock","10":"featured","11":"taxable","12":"shipping-taxable","13":"purchasable","14":"product-type-simple"},"_links":{"self":[{"href":"https:\/\/verkkokauppa.lahti.fi\/museokauppa\/wp-json\/wp\/v2\/product\/823","targetHints":{"allow":["GET"]}}],"collection":[{"href":"https:\/\/verkkokauppa.lahti.fi\/museokauppa\/wp-json\/wp\/v2\/product"}],"about":[{"href":"https:\/\/verkkokauppa.lahti.fi\/museokauppa\/wp-json\/wp\/v2\/types\/product"}],"wp:featuredmedia":[{"embeddable":true,"href":"https:\/\/verkkokauppa.lahti.fi\/museokauppa\/wp-json\/wp\/v2\/media\/14343"}],"wp:attachment":[{"href":"https:\/\/verkkokauppa.lahti.fi\/museokauppa\/wp-json\/wp\/v2\/media?parent=823"}],"wp:term":[{"taxonomy":"product_brand","embeddable":true,"href":"https:\/\/verkkokauppa.lahti.fi\/museokauppa\/wp-json\/wp\/v2\/product_brand?post=823"},{"taxonomy":"product_cat","embeddable":true,"href":"https:\/\/verkkokauppa.lahti.fi\/museokauppa\/wp-json\/wp\/v2\/product_cat?post=823"},{"taxonomy":"product_tag","embeddable":true,"href":"https:\/\/verkkokauppa.lahti.fi\/museokauppa\/wp-json\/wp\/v2\/product_tag?post=823"}],"curies":[{"name":"wp","href":"https:\/\/api.w.org\/{rel}","templated":true}]}}