{"id":828,"date":"2022-02-01T11:07:43","date_gmt":"2022-02-01T09:07:43","guid":{"rendered":"https:\/\/verkkokauppa.lahti.fi\/museokauppa\/tuote\/portti-maailmalle-vaaksyn-kanava-150-vuotta\/"},"modified":"2026-01-01T01:00:03","modified_gmt":"2025-12-31T23:00:03","slug":"portti-maailmalle-vaaksyn-kanava-150-vuotta","status":"publish","type":"product","link":"https:\/\/verkkokauppa.lahti.fi\/museokauppa\/tuote\/portti-maailmalle-vaaksyn-kanava-150-vuotta\/","title":{"rendered":"Portti maailmalle-V\u00e4\u00e4ksyn kanava 150 vuotta"},"content":{"rendered":"<p>V\u00e4\u00e4ksyn kanava Asikkalassa yhdist\u00e4\u00e4 P\u00e4ij\u00e4teen ja Vesij\u00e4rven toisiinsa. Kanavan valmistumisesta tuli 2021 kuluneeksi 150 vuotta. Kirja k\u00e4sittelee kanavan historiaa, sen liikennett\u00e4, sek\u00e4 kanavaymp\u00e4rist\u00f6n suunnittelua ja rakentumista sellaiseksi kokonaisuudeksi, jollaisena se t\u00e4n\u00e4 p\u00e4iv\u00e4n\u00e4 tunnetaan.<\/p>\n<p>Julkaisu on suunnattu kaikille vesiliikenteest\u00e4, matkailusta, historiasta ja ylip\u00e4\u00e4ns\u00e4 rakennetusta ymp\u00e4rist\u00f6st\u00e4 kiinnostuneille. Vanhat valokuvat her\u00e4tt\u00e4v\u00e4t muistoja ja artikkeleissa tulee esiin monipuolisesti tietoa V\u00e4\u00e4ksyn menneisyydest\u00e4 ja nykyisyydest\u00e4. Teos kertoo, miten kanava on syntynyt ja muuttanut yhden pit\u00e4j\u00e4n el\u00e4m\u00e4\u00e4 ja miten tuota perint\u00f6\u00e4 vaalitaan.\u00a0<\/p>\n<p>Toimittaneet Reetta Nousiainen, Riitta Niskanen ja Hannu Takala<\/p>\n<p>ISBN: 978-952-5749-88-5<\/p>\n","protected":false},"excerpt":{"rendered":"<p>V\u00e4\u00e4ksyn kanava Asikkalassa yhdist\u00e4\u00e4 P\u00e4ij\u00e4teen ja Vesij\u00e4rven toisiinsa. Kanavan valmistumisesta tuli 2021 kuluneeksi 150 vuotta. Kirja k\u00e4sittelee kanavan historiaa, sen liikennett\u00e4, sek\u00e4 kanavaymp\u00e4rist\u00f6n suunnittelua ja rakentumista sellaiseksi kokonaisuudeksi, jollaisena se t\u00e4n\u00e4 p\u00e4iv\u00e4n\u00e4 tunnetaan. Julkaisu on suunnattu kaikille vesiliikenteest\u00e4, matkailusta, historiasta ja ylip\u00e4\u00e4ns\u00e4 rakennetusta ymp\u00e4rist\u00f6st\u00e4 kiinnostuneille. Vanhat valokuvat her\u00e4tt\u00e4v\u00e4t muistoja ja artikkeleissa tulee esiin monipuolisesti tietoa [&hellip;]<\/p>\n","protected":false},"featured_media":14370,"template":"","meta":[],"product_brand":[],"product_cat":[112],"product_tag":[],"class_list":{"0":"post-828","1":"product","2":"type-product","3":"status-publish","4":"has-post-thumbnail","6":"product_cat-kirjat-0-0","8":"first","9":"instock","10":"featured","11":"taxable","12":"shipping-taxable","13":"purchasable","14":"product-type-simple"},"_links":{"self":[{"href":"https:\/\/verkkokauppa.lahti.fi\/museokauppa\/wp-json\/wp\/v2\/product\/828","targetHints":{"allow":["GET"]}}],"collection":[{"href":"https:\/\/verkkokauppa.lahti.fi\/museokauppa\/wp-json\/wp\/v2\/product"}],"about":[{"href":"https:\/\/verkkokauppa.lahti.fi\/museokauppa\/wp-json\/wp\/v2\/types\/product"}],"wp:featuredmedia":[{"embeddable":true,"href":"https:\/\/verkkokauppa.lahti.fi\/museokauppa\/wp-json\/wp\/v2\/media\/14370"}],"wp:attachment":[{"href":"https:\/\/verkkokauppa.lahti.fi\/museokauppa\/wp-json\/wp\/v2\/media?parent=828"}],"wp:term":[{"taxonomy":"product_brand","embeddable":true,"href":"https:\/\/verkkokauppa.lahti.fi\/museokauppa\/wp-json\/wp\/v2\/product_brand?post=828"},{"taxonomy":"product_cat","embeddable":true,"href":"https:\/\/verkkokauppa.lahti.fi\/museokauppa\/wp-json\/wp\/v2\/product_cat?post=828"},{"taxonomy":"product_tag","embeddable":true,"href":"https:\/\/verkkokauppa.lahti.fi\/museokauppa\/wp-json\/wp\/v2\/product_tag?post=828"}],"curies":[{"name":"wp","href":"https:\/\/api.w.org\/{rel}","templated":true}]}}