{"id":854,"date":"2022-02-01T11:07:49","date_gmt":"2022-02-01T09:07:49","guid":{"rendered":"https:\/\/verkkokauppa.lahti.fi\/museokauppa\/tuote\/helmia-lahden-taidemuseon-kokoelmista\/"},"modified":"2026-01-01T01:00:03","modified_gmt":"2025-12-31T23:00:03","slug":"helmia-lahden-taidemuseon-kokoelmista","status":"publish","type":"product","link":"https:\/\/verkkokauppa.lahti.fi\/museokauppa\/tuote\/helmia-lahden-taidemuseon-kokoelmista\/","title":{"rendered":"Helmi\u00e4 Lahden taidemuseon kokoelmista"},"content":{"rendered":"<p>Tuija Vertaisen toimittama<em> Helmi\u00e4 Lahden taidemuseon kokoelmista <\/em>on upeasti kuvitettu, lahjaksikin sopiva museon taidekokoelmien historiaa ja nykyp\u00e4iv\u00e4\u00e4 valottava tietoteos. Kirjassa seurataan kokoelmien kehityskulkuja 1930-luvun Viipurista t\u00e4m\u00e4n p\u00e4iv\u00e4n P\u00e4ij\u00e4t-H\u00e4meeseen. Lahden taidemuseo perustettiin vuonna 1950 entisen Viipurin taidemuseon kokoelmien ymp\u00e4rille ja sen kokoelmapoliittinen rooli on kehittynyt niiden vaalijasta paikallisen nykytaiteen arvostajaksi.\u00a0<\/p>\n<p>Toimittanut: Tuija Vertainen<\/p>\n<p class=\"MsoNormal\">ISBN 978-952-5749-72-4<\/p>\n<p>sivuja 223<\/p>\n","protected":false},"excerpt":{"rendered":"<p>Tuija Vertaisen toimittama Helmi\u00e4 Lahden taidemuseon kokoelmista on upeasti kuvitettu, lahjaksikin sopiva museon taidekokoelmien historiaa ja nykyp\u00e4iv\u00e4\u00e4 valottava tietoteos. Kirjassa seurataan kokoelmien kehityskulkuja 1930-luvun Viipurista t\u00e4m\u00e4n p\u00e4iv\u00e4n P\u00e4ij\u00e4t-H\u00e4meeseen. Lahden taidemuseo perustettiin vuonna 1950 entisen Viipurin taidemuseon kokoelmien ymp\u00e4rille ja sen kokoelmapoliittinen rooli on kehittynyt niiden vaalijasta paikallisen nykytaiteen arvostajaksi.\u00a0 Toimittanut: Tuija Vertainen ISBN 978-952-5749-72-4 sivuja [&hellip;]<\/p>\n","protected":false},"featured_media":14547,"template":"","meta":[],"product_brand":[],"product_cat":[124],"product_tag":[],"class_list":{"0":"post-854","1":"product","2":"type-product","3":"status-publish","4":"has-post-thumbnail","6":"product_cat-kirjat-0-0-0","8":"first","9":"instock","10":"featured","11":"taxable","12":"shipping-taxable","13":"purchasable","14":"product-type-simple"},"_links":{"self":[{"href":"https:\/\/verkkokauppa.lahti.fi\/museokauppa\/wp-json\/wp\/v2\/product\/854","targetHints":{"allow":["GET"]}}],"collection":[{"href":"https:\/\/verkkokauppa.lahti.fi\/museokauppa\/wp-json\/wp\/v2\/product"}],"about":[{"href":"https:\/\/verkkokauppa.lahti.fi\/museokauppa\/wp-json\/wp\/v2\/types\/product"}],"wp:featuredmedia":[{"embeddable":true,"href":"https:\/\/verkkokauppa.lahti.fi\/museokauppa\/wp-json\/wp\/v2\/media\/14547"}],"wp:attachment":[{"href":"https:\/\/verkkokauppa.lahti.fi\/museokauppa\/wp-json\/wp\/v2\/media?parent=854"}],"wp:term":[{"taxonomy":"product_brand","embeddable":true,"href":"https:\/\/verkkokauppa.lahti.fi\/museokauppa\/wp-json\/wp\/v2\/product_brand?post=854"},{"taxonomy":"product_cat","embeddable":true,"href":"https:\/\/verkkokauppa.lahti.fi\/museokauppa\/wp-json\/wp\/v2\/product_cat?post=854"},{"taxonomy":"product_tag","embeddable":true,"href":"https:\/\/verkkokauppa.lahti.fi\/museokauppa\/wp-json\/wp\/v2\/product_tag?post=854"}],"curies":[{"name":"wp","href":"https:\/\/api.w.org\/{rel}","templated":true}]}}