{"id":856,"date":"2022-02-01T11:07:49","date_gmt":"2022-02-01T09:07:49","guid":{"rendered":"https:\/\/verkkokauppa.lahti.fi\/museokauppa\/tuote\/ihanuuden-tahden-lahtelaisia-puistoja-ja-puutarhoja\/"},"modified":"2026-01-01T00:12:40","modified_gmt":"2025-12-31T22:12:40","slug":"ihanuuden-tahden-lahtelaisia-puistoja-ja-puutarhoja","status":"publish","type":"product","link":"https:\/\/verkkokauppa.lahti.fi\/museokauppa\/tuote\/ihanuuden-tahden-lahtelaisia-puistoja-ja-puutarhoja\/","title":{"rendered":"Ihanuuden t\u00e4hden &#8211; Lahtelaisia puistoja ja puutarhoja"},"content":{"rendered":"<p>Tarina alkaa vuosisatojen takaa kartanopuistoista ja jatkuu Lahden kyl\u00e4n ja kauppalan vallasv\u00e4en ja rahvaan puutarhoista nuoren kaupungin edustuspuistoihin, yl\u00f6s kirkonm\u00e4elle ja kauas rautatieaseman liepeille, jossa kameliat tuoksuvat ihanasti. Tutustumme koulupuutarhassaan ahkeroiviin nuoriin sek\u00e4 kaupunkilaisiin, jotka rient\u00e4v\u00e4t piknikille uudenlaisiin vapaamuotoisiin kansanpuistoihin. T\u00e4m\u00e4n p\u00e4iv\u00e4n lahtelaisia kiinnostaa Perhepuisto, joka on monipuolisuudellaan saanut maanlaajuista mainetta.<\/p>\n","protected":false},"excerpt":{"rendered":"<p>Tarina alkaa vuosisatojen takaa kartanopuistoista ja jatkuu Lahden kyl\u00e4n ja kauppalan vallasv\u00e4en ja rahvaan puutarhoista nuoren kaupungin edustuspuistoihin, yl\u00f6s kirkonm\u00e4elle ja kauas rautatieaseman liepeille, jossa kameliat tuoksuvat ihanasti. Tutustumme koulupuutarhassaan ahkeroiviin nuoriin sek\u00e4 kaupunkilaisiin, jotka rient\u00e4v\u00e4t piknikille uudenlaisiin vapaamuotoisiin kansanpuistoihin. T\u00e4m\u00e4n p\u00e4iv\u00e4n lahtelaisia kiinnostaa Perhepuisto, joka on monipuolisuudellaan saanut maanlaajuista mainetta.<\/p>\n","protected":false},"featured_media":14478,"template":"","meta":[],"product_brand":[],"product_cat":[112],"product_tag":[],"class_list":{"0":"post-856","1":"product","2":"type-product","3":"status-publish","4":"has-post-thumbnail","6":"product_cat-kirjat-0-0","8":"first","9":"instock","10":"featured","11":"taxable","12":"shipping-taxable","13":"purchasable","14":"product-type-simple"},"_links":{"self":[{"href":"https:\/\/verkkokauppa.lahti.fi\/museokauppa\/wp-json\/wp\/v2\/product\/856","targetHints":{"allow":["GET"]}}],"collection":[{"href":"https:\/\/verkkokauppa.lahti.fi\/museokauppa\/wp-json\/wp\/v2\/product"}],"about":[{"href":"https:\/\/verkkokauppa.lahti.fi\/museokauppa\/wp-json\/wp\/v2\/types\/product"}],"wp:featuredmedia":[{"embeddable":true,"href":"https:\/\/verkkokauppa.lahti.fi\/museokauppa\/wp-json\/wp\/v2\/media\/14478"}],"wp:attachment":[{"href":"https:\/\/verkkokauppa.lahti.fi\/museokauppa\/wp-json\/wp\/v2\/media?parent=856"}],"wp:term":[{"taxonomy":"product_brand","embeddable":true,"href":"https:\/\/verkkokauppa.lahti.fi\/museokauppa\/wp-json\/wp\/v2\/product_brand?post=856"},{"taxonomy":"product_cat","embeddable":true,"href":"https:\/\/verkkokauppa.lahti.fi\/museokauppa\/wp-json\/wp\/v2\/product_cat?post=856"},{"taxonomy":"product_tag","embeddable":true,"href":"https:\/\/verkkokauppa.lahti.fi\/museokauppa\/wp-json\/wp\/v2\/product_tag?post=856"}],"curies":[{"name":"wp","href":"https:\/\/api.w.org\/{rel}","templated":true}]}}