{"id":860,"date":"2022-02-01T11:07:50","date_gmt":"2022-02-01T09:07:50","guid":{"rendered":"https:\/\/verkkokauppa.lahti.fi\/museokauppa\/tuote\/kauneus-arvo-ja-kadonnut-menneisyys\/"},"modified":"2026-04-09T11:02:42","modified_gmt":"2026-04-09T08:02:42","slug":"kauneus-arvo-ja-kadonnut-menneisyys","status":"publish","type":"product","link":"https:\/\/verkkokauppa.lahti.fi\/museokauppa\/tuote\/kauneus-arvo-ja-kadonnut-menneisyys\/","title":{"rendered":"Kauneus, arvo ja kadonnut menneisyys"},"content":{"rendered":"<p>Monitieteinen artikkelikokoelma tarjoaa tuoreita n\u00e4k\u00f6kulmia niin Holman perheen j\u00e4seniin, heid\u00e4n tutkimusty\u00f6h\u00f6ns\u00e4, taidekokoelmaan kuin my\u00f6s sen yksitt\u00e4isiin teoksiin.<\/p>\n<p>Mukana on yhteens\u00e4 14 kirjoittajaa, kaikki aihepiiriens\u00e4 johtavia asiantuntijoita. Runsas kuvamateriaali t\u00e4ydent\u00e4\u00e4 tutkimustuloksia ja tarjoaa valikoidun katsauksen kokoelmaan kuuluviin teoksiin. N\u00e4ist\u00e4 merkitt\u00e4vimpiin kuuluvat muun muassa Jacques-Louis Davidin luonnos h\u00e4nen tunnetuimpaan teokseensa Horatiusten vala (1785).<\/p>\n<p>Kokoelmaan kuuluu paljon my\u00f6s tuntemattomien taiteilijoiden t\u00f6it\u00e4 tai esineit\u00e4, jotka suomalaisissa kokoelmissa ovat poikkeuksellisia \u2013 n\u00e4ist\u00e4 mainittakoon romaanista tyyli\u00e4 edustava kapiteeli 1200-luvun alusta.<\/p>\n<p>Tieteellisen artikkelikokoelman ovat toimittaneet prof. Visa Immonen Turun yliopistosta ja prof. (ma) Elina R\u00e4s\u00e4nen Helsingin yliopistosta.<\/p>\n","protected":false},"excerpt":{"rendered":"<p>Monitieteinen artikkelikokoelma tarjoaa tuoreita n\u00e4k\u00f6kulmia niin Holman perheen j\u00e4seniin, heid\u00e4n tutkimusty\u00f6h\u00f6ns\u00e4, taidekokoelmaan kuin my\u00f6s sen yksitt\u00e4isiin teoksiin. Mukana on yhteens\u00e4 14 kirjoittajaa, kaikki aihepiiriens\u00e4 johtavia asiantuntijoita. Runsas kuvamateriaali t\u00e4ydent\u00e4\u00e4 tutkimustuloksia ja tarjoaa valikoidun katsauksen kokoelmaan kuuluviin teoksiin. N\u00e4ist\u00e4 merkitt\u00e4vimpiin kuuluvat muun muassa Jacques-Louis Davidin luonnos h\u00e4nen tunnetuimpaan teokseensa Horatiusten vala (1785). Kokoelmaan kuuluu paljon my\u00f6s [&hellip;]<\/p>\n","protected":false},"featured_media":14490,"template":"","meta":[],"product_brand":[],"product_cat":[112],"product_tag":[],"class_list":{"0":"post-860","1":"product","2":"type-product","3":"status-publish","4":"has-post-thumbnail","6":"product_cat-kirjat-0-0","8":"first","9":"instock","10":"featured","11":"taxable","12":"shipping-taxable","13":"purchasable","14":"product-type-simple"},"_links":{"self":[{"href":"https:\/\/verkkokauppa.lahti.fi\/museokauppa\/wp-json\/wp\/v2\/product\/860","targetHints":{"allow":["GET"]}}],"collection":[{"href":"https:\/\/verkkokauppa.lahti.fi\/museokauppa\/wp-json\/wp\/v2\/product"}],"about":[{"href":"https:\/\/verkkokauppa.lahti.fi\/museokauppa\/wp-json\/wp\/v2\/types\/product"}],"wp:featuredmedia":[{"embeddable":true,"href":"https:\/\/verkkokauppa.lahti.fi\/museokauppa\/wp-json\/wp\/v2\/media\/14490"}],"wp:attachment":[{"href":"https:\/\/verkkokauppa.lahti.fi\/museokauppa\/wp-json\/wp\/v2\/media?parent=860"}],"wp:term":[{"taxonomy":"product_brand","embeddable":true,"href":"https:\/\/verkkokauppa.lahti.fi\/museokauppa\/wp-json\/wp\/v2\/product_brand?post=860"},{"taxonomy":"product_cat","embeddable":true,"href":"https:\/\/verkkokauppa.lahti.fi\/museokauppa\/wp-json\/wp\/v2\/product_cat?post=860"},{"taxonomy":"product_tag","embeddable":true,"href":"https:\/\/verkkokauppa.lahti.fi\/museokauppa\/wp-json\/wp\/v2\/product_tag?post=860"}],"curies":[{"name":"wp","href":"https:\/\/api.w.org\/{rel}","templated":true}]}}