{"id":861,"date":"2022-02-01T11:07:50","date_gmt":"2022-02-01T09:07:50","guid":{"rendered":"https:\/\/verkkokauppa.lahti.fi\/museokauppa\/tuote\/puusuksia-suomesta\/"},"modified":"2026-03-09T12:18:19","modified_gmt":"2026-03-09T10:18:19","slug":"puusuksia-suomesta","status":"publish","type":"product","link":"https:\/\/verkkokauppa.lahti.fi\/museokauppa\/tuote\/puusuksia-suomesta\/","title":{"rendered":"Puusuksia Suomesta"},"content":{"rendered":"<p>Teos nostaa esiin nuo sadat unohdetut suksisep\u00e4t 1800 &#8211; luvun lopulta l\u00e4htien, heid\u00e4n k\u00e4sity\u00f6taitonsa ja paikalliset suksimallinsa sek\u00e4 maailmanmaineeseen ylt\u00e4neen suksiteollisuuden.<\/p>\n","protected":false},"excerpt":{"rendered":"<p>Teos nostaa esiin nuo sadat unohdetut suksisep\u00e4t 1800 &#8211; luvun lopulta l\u00e4htien, heid\u00e4n k\u00e4sity\u00f6taitonsa ja paikalliset suksimallinsa sek\u00e4 maailmanmaineeseen ylt\u00e4neen suksiteollisuuden.<\/p>\n","protected":false},"featured_media":14493,"template":"","meta":[],"product_brand":[],"product_cat":[60],"product_tag":[],"class_list":{"0":"post-861","1":"product","2":"type-product","3":"status-publish","4":"has-post-thumbnail","6":"product_cat-kirjat","8":"first","9":"instock","10":"featured","11":"taxable","12":"shipping-taxable","13":"purchasable","14":"product-type-simple"},"_links":{"self":[{"href":"https:\/\/verkkokauppa.lahti.fi\/museokauppa\/wp-json\/wp\/v2\/product\/861","targetHints":{"allow":["GET"]}}],"collection":[{"href":"https:\/\/verkkokauppa.lahti.fi\/museokauppa\/wp-json\/wp\/v2\/product"}],"about":[{"href":"https:\/\/verkkokauppa.lahti.fi\/museokauppa\/wp-json\/wp\/v2\/types\/product"}],"wp:featuredmedia":[{"embeddable":true,"href":"https:\/\/verkkokauppa.lahti.fi\/museokauppa\/wp-json\/wp\/v2\/media\/14493"}],"wp:attachment":[{"href":"https:\/\/verkkokauppa.lahti.fi\/museokauppa\/wp-json\/wp\/v2\/media?parent=861"}],"wp:term":[{"taxonomy":"product_brand","embeddable":true,"href":"https:\/\/verkkokauppa.lahti.fi\/museokauppa\/wp-json\/wp\/v2\/product_brand?post=861"},{"taxonomy":"product_cat","embeddable":true,"href":"https:\/\/verkkokauppa.lahti.fi\/museokauppa\/wp-json\/wp\/v2\/product_cat?post=861"},{"taxonomy":"product_tag","embeddable":true,"href":"https:\/\/verkkokauppa.lahti.fi\/museokauppa\/wp-json\/wp\/v2\/product_tag?post=861"}],"curies":[{"name":"wp","href":"https:\/\/api.w.org\/{rel}","templated":true}]}}