{"id":873,"date":"2022-02-01T11:07:53","date_gmt":"2022-02-01T09:07:53","guid":{"rendered":"https:\/\/verkkokauppa.lahti.fi\/museokauppa\/tuote\/taistelu-lahdesta-1918\/"},"modified":"2026-01-01T00:12:46","modified_gmt":"2025-12-31T22:12:46","slug":"taistelu-lahdesta-1918","status":"publish","type":"product","link":"https:\/\/verkkokauppa.lahti.fi\/museokauppa\/tuote\/taistelu-lahdesta-1918\/","title":{"rendered":"Taistelu Lahdesta 1918"},"content":{"rendered":"<p>Taistelu Lahdesta 1918 on historian ja arkeologian l\u00e4hteisiin perustuva teos sis\u00e4llissodan viimeisist\u00e4 p\u00e4ivist\u00e4 Lahdessa.<\/p>\n<p>Kirjassa kerrotaan saksalaisten tekem\u00e4st\u00e4 Lahden valtauksesta ja siit\u00e4 miten L\u00e4nsi-Suomesta kohti it\u00e4\u00e4 pyrkineet pakolaiset yrittiv\u00e4t murtaa saksalaisten rintamaa Lahdessa huhtikuun lopussa 1918.<\/p>\n<p>Teos perustuu alkuper\u00e4isiin saksalaisten sotap\u00e4iv\u00e4kirjoihin ja muuhun alkuper\u00e4isaineistoon. Historian l\u00e4hteiden lis\u00e4ksi kirjassa kerrotaan, miten taistelupaikat n\u00e4kyv\u00e4t edelleen maastossa.<\/p>\n<p>Teoksessa on runsas kuvitus. Kyseess\u00e4 on teoksen 3. painos.\u00a0<\/p>\n<p>Hannu Takala<\/p>\n<p>130 sivua<\/p>\n<p>\u00a0<\/p>\n","protected":false},"excerpt":{"rendered":"<p>Taistelu Lahdesta 1918 on historian ja arkeologian l\u00e4hteisiin perustuva teos sis\u00e4llissodan viimeisist\u00e4 p\u00e4ivist\u00e4 Lahdessa. Kirjassa kerrotaan saksalaisten tekem\u00e4st\u00e4 Lahden valtauksesta ja siit\u00e4 miten L\u00e4nsi-Suomesta kohti it\u00e4\u00e4 pyrkineet pakolaiset yrittiv\u00e4t murtaa saksalaisten rintamaa Lahdessa huhtikuun lopussa 1918. Teos perustuu alkuper\u00e4isiin saksalaisten sotap\u00e4iv\u00e4kirjoihin ja muuhun alkuper\u00e4isaineistoon. Historian l\u00e4hteiden lis\u00e4ksi kirjassa kerrotaan, miten taistelupaikat n\u00e4kyv\u00e4t edelleen maastossa. Teoksessa [&hellip;]<\/p>\n","protected":false},"featured_media":14532,"template":"","meta":[],"product_brand":[],"product_cat":[112],"product_tag":[],"class_list":{"0":"post-873","1":"product","2":"type-product","3":"status-publish","4":"has-post-thumbnail","6":"product_cat-kirjat-0-0","8":"first","9":"instock","10":"featured","11":"taxable","12":"shipping-taxable","13":"purchasable","14":"product-type-simple"},"_links":{"self":[{"href":"https:\/\/verkkokauppa.lahti.fi\/museokauppa\/wp-json\/wp\/v2\/product\/873","targetHints":{"allow":["GET"]}}],"collection":[{"href":"https:\/\/verkkokauppa.lahti.fi\/museokauppa\/wp-json\/wp\/v2\/product"}],"about":[{"href":"https:\/\/verkkokauppa.lahti.fi\/museokauppa\/wp-json\/wp\/v2\/types\/product"}],"wp:featuredmedia":[{"embeddable":true,"href":"https:\/\/verkkokauppa.lahti.fi\/museokauppa\/wp-json\/wp\/v2\/media\/14532"}],"wp:attachment":[{"href":"https:\/\/verkkokauppa.lahti.fi\/museokauppa\/wp-json\/wp\/v2\/media?parent=873"}],"wp:term":[{"taxonomy":"product_brand","embeddable":true,"href":"https:\/\/verkkokauppa.lahti.fi\/museokauppa\/wp-json\/wp\/v2\/product_brand?post=873"},{"taxonomy":"product_cat","embeddable":true,"href":"https:\/\/verkkokauppa.lahti.fi\/museokauppa\/wp-json\/wp\/v2\/product_cat?post=873"},{"taxonomy":"product_tag","embeddable":true,"href":"https:\/\/verkkokauppa.lahti.fi\/museokauppa\/wp-json\/wp\/v2\/product_tag?post=873"}],"curies":[{"name":"wp","href":"https:\/\/api.w.org\/{rel}","templated":true}]}}