{"id":874,"date":"2022-02-01T11:07:53","date_gmt":"2022-02-01T09:07:53","guid":{"rendered":"https:\/\/verkkokauppa.lahti.fi\/museokauppa\/tuote\/vuoden-1918-sota-keskikoulun-ja-peruskoulun-historian-oppikirjoissa\/"},"modified":"2026-01-01T00:12:47","modified_gmt":"2025-12-31T22:12:47","slug":"vuoden-1918-sota-keskikoulun-ja-peruskoulun-historian-oppikirjoissa","status":"publish","type":"product","link":"https:\/\/verkkokauppa.lahti.fi\/museokauppa\/tuote\/vuoden-1918-sota-keskikoulun-ja-peruskoulun-historian-oppikirjoissa\/","title":{"rendered":"Vuoden 1918 sota keskikoulun ja peruskoulun historian oppikirjoissa"},"content":{"rendered":"<p>FM Anne Takalan tutkimus \u201dVuoden 1918 sota keskikoulun ja peruskoulun historian oppikirjoissa\u201d. Kyseess\u00e4 on kasvatustieteen opinn\u00e4ytety\u00f6, jossa k\u00e4yd\u00e4\u00e4n l\u00e4pi kaikki vuosina 1918-1992 kouluissa k\u00e4ytetyt historian oppikirjat. Tutkimuksessa selvitet\u00e4\u00e4n kuinka laajasti ja mill\u00e4 tavoin sotaa on eri aikoina ja eri oppikirjoissa k\u00e4sitelty ja miten oppikirjat heijastelevat omaa aikaansa. Julkistamisen yhteydess\u00e4\u00a0 kuullaan my\u00f6s opettajien n\u00e4kemyksi\u00e4 sis\u00e4llissodan k\u00e4sittelyst\u00e4 opetuksessa eri vuosikymmenin\u00e4.<\/p>\n","protected":false},"excerpt":{"rendered":"<p>FM Anne Takalan tutkimus \u201dVuoden 1918 sota keskikoulun ja peruskoulun historian oppikirjoissa\u201d. Kyseess\u00e4 on kasvatustieteen opinn\u00e4ytety\u00f6, jossa k\u00e4yd\u00e4\u00e4n l\u00e4pi kaikki vuosina 1918-1992 kouluissa k\u00e4ytetyt historian oppikirjat. Tutkimuksessa selvitet\u00e4\u00e4n kuinka laajasti ja mill\u00e4 tavoin sotaa on eri aikoina ja eri oppikirjoissa k\u00e4sitelty ja miten oppikirjat heijastelevat omaa aikaansa. Julkistamisen yhteydess\u00e4\u00a0 kuullaan my\u00f6s opettajien n\u00e4kemyksi\u00e4 sis\u00e4llissodan k\u00e4sittelyst\u00e4 [&hellip;]<\/p>\n","protected":false},"featured_media":14535,"template":"","meta":[],"product_brand":[],"product_cat":[112],"product_tag":[],"class_list":{"0":"post-874","1":"product","2":"type-product","3":"status-publish","4":"has-post-thumbnail","6":"product_cat-kirjat-0-0","8":"first","9":"instock","10":"featured","11":"taxable","12":"shipping-taxable","13":"purchasable","14":"product-type-simple"},"_links":{"self":[{"href":"https:\/\/verkkokauppa.lahti.fi\/museokauppa\/wp-json\/wp\/v2\/product\/874","targetHints":{"allow":["GET"]}}],"collection":[{"href":"https:\/\/verkkokauppa.lahti.fi\/museokauppa\/wp-json\/wp\/v2\/product"}],"about":[{"href":"https:\/\/verkkokauppa.lahti.fi\/museokauppa\/wp-json\/wp\/v2\/types\/product"}],"wp:featuredmedia":[{"embeddable":true,"href":"https:\/\/verkkokauppa.lahti.fi\/museokauppa\/wp-json\/wp\/v2\/media\/14535"}],"wp:attachment":[{"href":"https:\/\/verkkokauppa.lahti.fi\/museokauppa\/wp-json\/wp\/v2\/media?parent=874"}],"wp:term":[{"taxonomy":"product_brand","embeddable":true,"href":"https:\/\/verkkokauppa.lahti.fi\/museokauppa\/wp-json\/wp\/v2\/product_brand?post=874"},{"taxonomy":"product_cat","embeddable":true,"href":"https:\/\/verkkokauppa.lahti.fi\/museokauppa\/wp-json\/wp\/v2\/product_cat?post=874"},{"taxonomy":"product_tag","embeddable":true,"href":"https:\/\/verkkokauppa.lahti.fi\/museokauppa\/wp-json\/wp\/v2\/product_tag?post=874"}],"curies":[{"name":"wp","href":"https:\/\/api.w.org\/{rel}","templated":true}]}}