{"id":877,"date":"2022-02-01T11:07:54","date_gmt":"2022-02-01T09:07:54","guid":{"rendered":"https:\/\/verkkokauppa.lahti.fi\/museokauppa\/tuote\/kartanon-kertomaa\/"},"modified":"2026-01-01T00:12:45","modified_gmt":"2025-12-31T22:12:45","slug":"kartanon-kertomaa","status":"publish","type":"product","link":"https:\/\/verkkokauppa.lahti.fi\/museokauppa\/tuote\/kartanon-kertomaa\/","title":{"rendered":"Kartanon kertomaa"},"content":{"rendered":"<p>Vaaleanpunainen Kartano Aino-puiston suojassa, nykyinen Lahden historiallinen museo, on kolmella eri vuosisadalla kokenut monenlaisia vaiheita. Vuonna 1898 valmistui kapteeni August Fellmanin rakennuttama kartano. Kapteenin perhe sai kauniin kodin ja tilat t\u00e4rkeille tapaamisille ja monille juhlille. Lahti sai upean monumentin. Fellmanien j\u00e4lkeen Kartanossa on toiminut lastentarha, yli 40 vuoden ajan alakansakoulu, kauppakoulu, hammashoitola ja paljon muuta. Kes\u00e4isin eloa ovat tuoneet kes\u00e4teatteri ja kaupunginorkesterin sunnuntaimatineat. Asiantuntijat valottavat omalta osaltaan Kartanon ja Lahden historiaan liittyvi\u00e4 vaiheita. Kuvitus, noin 180 kuvaa, el\u00e4v\u00f6itt\u00e4\u00e4 kertomuksia todistaen samalla ymp\u00e4rist\u00f6n muuttumisen.<\/p>\n<p>Julkaisija Lahden kartanon yst\u00e4v\u00e4t ry<\/p>\n<p>160 sivua<\/p>\n<p>ISBN 978-952-93-5019-3<\/p>\n","protected":false},"excerpt":{"rendered":"<p>Vaaleanpunainen Kartano Aino-puiston suojassa, nykyinen Lahden historiallinen museo, on kolmella eri vuosisadalla kokenut monenlaisia vaiheita. Vuonna 1898 valmistui kapteeni August Fellmanin rakennuttama kartano. Kapteenin perhe sai kauniin kodin ja tilat t\u00e4rkeille tapaamisille ja monille juhlille. Lahti sai upean monumentin. Fellmanien j\u00e4lkeen Kartanossa on toiminut lastentarha, yli 40 vuoden ajan alakansakoulu, kauppakoulu, hammashoitola ja paljon muuta. [&hellip;]<\/p>\n","protected":false},"featured_media":14523,"template":"","meta":[],"product_brand":[],"product_cat":[112],"product_tag":[],"class_list":{"0":"post-877","1":"product","2":"type-product","3":"status-publish","4":"has-post-thumbnail","6":"product_cat-kirjat-0-0","8":"first","9":"instock","10":"featured","11":"taxable","12":"shipping-taxable","13":"purchasable","14":"product-type-simple"},"_links":{"self":[{"href":"https:\/\/verkkokauppa.lahti.fi\/museokauppa\/wp-json\/wp\/v2\/product\/877","targetHints":{"allow":["GET"]}}],"collection":[{"href":"https:\/\/verkkokauppa.lahti.fi\/museokauppa\/wp-json\/wp\/v2\/product"}],"about":[{"href":"https:\/\/verkkokauppa.lahti.fi\/museokauppa\/wp-json\/wp\/v2\/types\/product"}],"wp:featuredmedia":[{"embeddable":true,"href":"https:\/\/verkkokauppa.lahti.fi\/museokauppa\/wp-json\/wp\/v2\/media\/14523"}],"wp:attachment":[{"href":"https:\/\/verkkokauppa.lahti.fi\/museokauppa\/wp-json\/wp\/v2\/media?parent=877"}],"wp:term":[{"taxonomy":"product_brand","embeddable":true,"href":"https:\/\/verkkokauppa.lahti.fi\/museokauppa\/wp-json\/wp\/v2\/product_brand?post=877"},{"taxonomy":"product_cat","embeddable":true,"href":"https:\/\/verkkokauppa.lahti.fi\/museokauppa\/wp-json\/wp\/v2\/product_cat?post=877"},{"taxonomy":"product_tag","embeddable":true,"href":"https:\/\/verkkokauppa.lahti.fi\/museokauppa\/wp-json\/wp\/v2\/product_tag?post=877"}],"curies":[{"name":"wp","href":"https:\/\/api.w.org\/{rel}","templated":true}]}}