{"id":879,"date":"2022-02-01T11:07:54","date_gmt":"2022-02-01T09:07:54","guid":{"rendered":"https:\/\/verkkokauppa.lahti.fi\/museokauppa\/tuote\/makihyppaaja\/"},"modified":"2025-11-17T13:24:17","modified_gmt":"2025-11-17T11:24:17","slug":"makihyppaaja","status":"publish","type":"product","link":"https:\/\/verkkokauppa.lahti.fi\/museokauppa\/tuote\/makihyppaaja\/","title":{"rendered":"M\u00e4kihypp\u00e4\u00e4j\u00e4"},"content":{"rendered":"<p>Nostalgiset m\u00e4kihypp\u00e4\u00e4j\u00e4t, jolla voi j\u00e4rjest\u00e4\u00e4 omat m\u00e4kikisat. Paketissa mukana suksitarrat sek\u00e4 eri maiden lipputarrat.<\/p>\n","protected":false},"excerpt":{"rendered":"<p>Nostalgiset m\u00e4kihypp\u00e4\u00e4j\u00e4t, jolla voi j\u00e4rjest\u00e4\u00e4 omat m\u00e4kikisat. Paketissa mukana suksitarrat sek\u00e4 eri maiden lipputarrat.<\/p>\n","protected":false},"featured_media":14544,"template":"","meta":[],"product_brand":[],"product_cat":[72],"product_tag":[],"class_list":{"0":"post-879","1":"product","2":"type-product","3":"status-publish","4":"has-post-thumbnail","6":"product_cat-muut-tuotteet","8":"first","9":"instock","10":"featured","11":"taxable","12":"shipping-taxable","13":"purchasable","14":"product-type-variable"},"_links":{"self":[{"href":"https:\/\/verkkokauppa.lahti.fi\/museokauppa\/wp-json\/wp\/v2\/product\/879","targetHints":{"allow":["GET"]}}],"collection":[{"href":"https:\/\/verkkokauppa.lahti.fi\/museokauppa\/wp-json\/wp\/v2\/product"}],"about":[{"href":"https:\/\/verkkokauppa.lahti.fi\/museokauppa\/wp-json\/wp\/v2\/types\/product"}],"wp:featuredmedia":[{"embeddable":true,"href":"https:\/\/verkkokauppa.lahti.fi\/museokauppa\/wp-json\/wp\/v2\/media\/14544"}],"wp:attachment":[{"href":"https:\/\/verkkokauppa.lahti.fi\/museokauppa\/wp-json\/wp\/v2\/media?parent=879"}],"wp:term":[{"taxonomy":"product_brand","embeddable":true,"href":"https:\/\/verkkokauppa.lahti.fi\/museokauppa\/wp-json\/wp\/v2\/product_brand?post=879"},{"taxonomy":"product_cat","embeddable":true,"href":"https:\/\/verkkokauppa.lahti.fi\/museokauppa\/wp-json\/wp\/v2\/product_cat?post=879"},{"taxonomy":"product_tag","embeddable":true,"href":"https:\/\/verkkokauppa.lahti.fi\/museokauppa\/wp-json\/wp\/v2\/product_tag?post=879"}],"curies":[{"name":"wp","href":"https:\/\/api.w.org\/{rel}","templated":true}]}}