{"id":881,"date":"2022-02-01T11:07:54","date_gmt":"2022-02-01T09:07:54","guid":{"rendered":"https:\/\/verkkokauppa.lahti.fi\/museokauppa\/tuote\/lumipallo-snowball-voimapallo\/"},"modified":"2026-03-11T09:06:38","modified_gmt":"2026-03-11T07:06:38","slug":"lumipallo-snowball-voimapallo","status":"publish","type":"product","link":"https:\/\/verkkokauppa.lahti.fi\/museokauppa\/tuote\/lumipallo-snowball-voimapallo\/","title":{"rendered":"Snowball- stressipallo"},"content":{"rendered":"<p>Stressipallo, joka j\u00e4ljitt\u00e4\u00e4 oikean lumipallon narskuvaa \u00e4\u00e4nt\u00e4. Pallo sopii my\u00f6s k\u00e4sien voimisteluun.<\/p>\n","protected":false},"excerpt":{"rendered":"<p>Stressipallo, joka j\u00e4ljitt\u00e4\u00e4 oikean lumipallon narskuvaa \u00e4\u00e4nt\u00e4. Pallo sopii my\u00f6s k\u00e4sien voimisteluun.<\/p>\n","protected":false},"featured_media":14558,"template":"","meta":[],"product_brand":[],"product_cat":[72],"product_tag":[],"class_list":{"0":"post-881","1":"product","2":"type-product","3":"status-publish","4":"has-post-thumbnail","6":"product_cat-muut-tuotteet","8":"first","9":"instock","10":"taxable","11":"shipping-taxable","12":"purchasable","13":"product-type-simple"},"_links":{"self":[{"href":"https:\/\/verkkokauppa.lahti.fi\/museokauppa\/wp-json\/wp\/v2\/product\/881","targetHints":{"allow":["GET"]}}],"collection":[{"href":"https:\/\/verkkokauppa.lahti.fi\/museokauppa\/wp-json\/wp\/v2\/product"}],"about":[{"href":"https:\/\/verkkokauppa.lahti.fi\/museokauppa\/wp-json\/wp\/v2\/types\/product"}],"wp:featuredmedia":[{"embeddable":true,"href":"https:\/\/verkkokauppa.lahti.fi\/museokauppa\/wp-json\/wp\/v2\/media\/14558"}],"wp:attachment":[{"href":"https:\/\/verkkokauppa.lahti.fi\/museokauppa\/wp-json\/wp\/v2\/media?parent=881"}],"wp:term":[{"taxonomy":"product_brand","embeddable":true,"href":"https:\/\/verkkokauppa.lahti.fi\/museokauppa\/wp-json\/wp\/v2\/product_brand?post=881"},{"taxonomy":"product_cat","embeddable":true,"href":"https:\/\/verkkokauppa.lahti.fi\/museokauppa\/wp-json\/wp\/v2\/product_cat?post=881"},{"taxonomy":"product_tag","embeddable":true,"href":"https:\/\/verkkokauppa.lahti.fi\/museokauppa\/wp-json\/wp\/v2\/product_tag?post=881"}],"curies":[{"name":"wp","href":"https:\/\/api.w.org\/{rel}","templated":true}]}}