{"id":903,"date":"2022-02-01T11:07:58","date_gmt":"2022-02-01T09:07:58","guid":{"rendered":"https:\/\/verkkokauppa.lahti.fi\/museokauppa\/tuote\/tuulenpuuskia\/"},"modified":"2026-01-18T19:36:34","modified_gmt":"2026-01-18T17:36:34","slug":"tuulenpuuskia","status":"publish","type":"product","link":"https:\/\/verkkokauppa.lahti.fi\/museokauppa\/tuote\/tuulenpuuskia\/","title":{"rendered":"Tuulenpuuskia"},"content":{"rendered":"<p>Mainosjulisteet ovat kautta aikain esitelleet oman aikakautensa uutuuksia, tapahtumia, ilmi\u00f6it\u00e4 ja ajankohtaisia tuotteita. Tuulenpuuskia esittelee kattavasti Lahden kaupunginmuseon julistekokoelmiin kuuluvia julisteita 1920-luvulta aina 1970-luvulle saakka. Julisteissa ja artikkeleissa n\u00e4kyv\u00e4t mm. sota, kieltolaki, olympiakisat, muoti ja Salpaussel\u00e4nkisat \u2013 p\u00e4iv\u00e4kahveja unohtamatta. N\u00e4ytt\u00e4v\u00e4 julkaisu tekee kunniaa niin julistesuunnittelijoille kuin menneiden aikakausien ihmisille. teos sopii niin julistetaiteesta, taidehistoriasta kuin yleens\u00e4 historiasta kiinnostuneille.\u00a0<\/p>\n<p>Toimittanut: Hanna Suihko\u00a0<\/p>\n<p>Sivuja 240\u00a0<\/p>\n","protected":false},"excerpt":{"rendered":"<p>Mainosjulisteet ovat kautta aikain esitelleet oman aikakautensa uutuuksia, tapahtumia, ilmi\u00f6it\u00e4 ja ajankohtaisia tuotteita. Tuulenpuuskia esittelee kattavasti Lahden kaupunginmuseon julistekokoelmiin kuuluvia julisteita 1920-luvulta aina 1970-luvulle saakka. Julisteissa ja artikkeleissa n\u00e4kyv\u00e4t mm. sota, kieltolaki, olympiakisat, muoti ja Salpaussel\u00e4nkisat \u2013 p\u00e4iv\u00e4kahveja unohtamatta. N\u00e4ytt\u00e4v\u00e4 julkaisu tekee kunniaa niin julistesuunnittelijoille kuin menneiden aikakausien ihmisille. teos sopii niin julistetaiteesta, taidehistoriasta kuin [&hellip;]<\/p>\n","protected":false},"featured_media":14597,"template":"","meta":[],"product_brand":[],"product_cat":[124],"product_tag":[],"class_list":{"0":"post-903","1":"product","2":"type-product","3":"status-publish","4":"has-post-thumbnail","6":"product_cat-kirjat-0-0-0","8":"first","9":"instock","10":"featured","11":"taxable","12":"shipping-taxable","13":"purchasable","14":"product-type-simple"},"_links":{"self":[{"href":"https:\/\/verkkokauppa.lahti.fi\/museokauppa\/wp-json\/wp\/v2\/product\/903","targetHints":{"allow":["GET"]}}],"collection":[{"href":"https:\/\/verkkokauppa.lahti.fi\/museokauppa\/wp-json\/wp\/v2\/product"}],"about":[{"href":"https:\/\/verkkokauppa.lahti.fi\/museokauppa\/wp-json\/wp\/v2\/types\/product"}],"wp:featuredmedia":[{"embeddable":true,"href":"https:\/\/verkkokauppa.lahti.fi\/museokauppa\/wp-json\/wp\/v2\/media\/14597"}],"wp:attachment":[{"href":"https:\/\/verkkokauppa.lahti.fi\/museokauppa\/wp-json\/wp\/v2\/media?parent=903"}],"wp:term":[{"taxonomy":"product_brand","embeddable":true,"href":"https:\/\/verkkokauppa.lahti.fi\/museokauppa\/wp-json\/wp\/v2\/product_brand?post=903"},{"taxonomy":"product_cat","embeddable":true,"href":"https:\/\/verkkokauppa.lahti.fi\/museokauppa\/wp-json\/wp\/v2\/product_cat?post=903"},{"taxonomy":"product_tag","embeddable":true,"href":"https:\/\/verkkokauppa.lahti.fi\/museokauppa\/wp-json\/wp\/v2\/product_tag?post=903"}],"curies":[{"name":"wp","href":"https:\/\/api.w.org\/{rel}","templated":true}]}}