{"id":908,"date":"2022-02-01T11:08:00","date_gmt":"2022-02-01T09:08:00","guid":{"rendered":"https:\/\/verkkokauppa.lahti.fi\/museokauppa\/tuote\/kirjekuorimallinen-pussukka-muraali-block-party\/"},"modified":"2026-01-04T00:10:07","modified_gmt":"2026-01-03T22:10:07","slug":"kirjekuorimallinen-pussukka-muraali-block-party","status":"publish","type":"product","link":"https:\/\/verkkokauppa.lahti.fi\/museokauppa\/tuote\/kirjekuorimallinen-pussukka-muraali-block-party\/","title":{"rendered":"Kirjekuorimallinen pussukka muraali Block Party"},"content":{"rendered":"<p>T\u00e4m\u00e4 kaunis\u00a0pussukka\u00a0on saanut upean kuosinsa\u00a0rohkean v\u00e4rikk\u00e4\u00e4st\u00e4 muraali taideteoksesta. Teos\u00a0sijaitsee\u00a0Lahden visuaalisten taiteiden museo Malvan ulkosein\u00e4ll\u00e4.<\/p>\n<p>T\u00e4m\u00e4 tuote on suunniteltu ja ommeltu Lahdessa. Kangas on painettu Suomessa ja niiden tuotantoon on k\u00e4ytetty uusituvaa vesi -ja tuulis\u00e4hk\u00f6\u00e4. Canavas-kangas on Saksasta ja painossa on k\u00e4ytetty ainoastaan vesipohjaisia painov\u00e4rej\u00e4. Vuorikankaat on museon ylij\u00e4\u00e4m\u00e4 kankaita.<\/p>\n<p>Muraalin taiteilijat ovat Laura Lehtinen ja Maikki Rantala.<\/p>\n<p>\u00a0<\/p>\n<p>\u00a0<\/p>\n","protected":false},"excerpt":{"rendered":"<p>T\u00e4m\u00e4 kaunis\u00a0pussukka\u00a0on saanut upean kuosinsa\u00a0rohkean v\u00e4rikk\u00e4\u00e4st\u00e4 muraali taideteoksesta. Teos\u00a0sijaitsee\u00a0Lahden visuaalisten taiteiden museo Malvan ulkosein\u00e4ll\u00e4. T\u00e4m\u00e4 tuote on suunniteltu ja ommeltu Lahdessa. Kangas on painettu Suomessa ja niiden tuotantoon on k\u00e4ytetty uusituvaa vesi -ja tuulis\u00e4hk\u00f6\u00e4. Canavas-kangas on Saksasta ja painossa on k\u00e4ytetty ainoastaan vesipohjaisia painov\u00e4rej\u00e4. Vuorikankaat on museon ylij\u00e4\u00e4m\u00e4 kankaita. Muraalin taiteilijat ovat Laura Lehtinen ja [&hellip;]<\/p>\n","protected":false},"featured_media":14618,"template":"","meta":[],"product_brand":[],"product_cat":[133],"product_tag":[],"class_list":{"0":"post-908","1":"product","2":"type-product","3":"status-publish","4":"has-post-thumbnail","6":"product_cat-lahti-tuotteet-0","8":"first","9":"instock","10":"sale","11":"featured","12":"taxable","13":"shipping-taxable","14":"purchasable","15":"product-type-simple"},"_links":{"self":[{"href":"https:\/\/verkkokauppa.lahti.fi\/museokauppa\/wp-json\/wp\/v2\/product\/908","targetHints":{"allow":["GET"]}}],"collection":[{"href":"https:\/\/verkkokauppa.lahti.fi\/museokauppa\/wp-json\/wp\/v2\/product"}],"about":[{"href":"https:\/\/verkkokauppa.lahti.fi\/museokauppa\/wp-json\/wp\/v2\/types\/product"}],"wp:featuredmedia":[{"embeddable":true,"href":"https:\/\/verkkokauppa.lahti.fi\/museokauppa\/wp-json\/wp\/v2\/media\/14618"}],"wp:attachment":[{"href":"https:\/\/verkkokauppa.lahti.fi\/museokauppa\/wp-json\/wp\/v2\/media?parent=908"}],"wp:term":[{"taxonomy":"product_brand","embeddable":true,"href":"https:\/\/verkkokauppa.lahti.fi\/museokauppa\/wp-json\/wp\/v2\/product_brand?post=908"},{"taxonomy":"product_cat","embeddable":true,"href":"https:\/\/verkkokauppa.lahti.fi\/museokauppa\/wp-json\/wp\/v2\/product_cat?post=908"},{"taxonomy":"product_tag","embeddable":true,"href":"https:\/\/verkkokauppa.lahti.fi\/museokauppa\/wp-json\/wp\/v2\/product_tag?post=908"}],"curies":[{"name":"wp","href":"https:\/\/api.w.org\/{rel}","templated":true}]}}